{"id":8569,"date":"2020-07-13T16:39:49","date_gmt":"2020-07-13T14:39:49","guid":{"rendered":"http:\/\/zpaptorun.pl\/?page_id=8569"},"modified":"2020-10-31T13:23:29","modified_gmt":"2020-10-31T12:23:29","slug":"konstelacje-2020","status":"publish","type":"page","link":"https:\/\/zpaptorun.pl\/index.php\/konstelacje-2020\/","title":{"rendered":"Konstelacje 2020"},"content":{"rendered":"\n<h2><strong>KONKURS pn. &nbsp;<em>KONSTELACJE\n\u2013 POZA HORYZONT<\/em> <\/strong><\/h2>\n\n\n\n<figure class=\"wp-block-embed-wordpress wp-block-embed is-type-wp-embed is-provider-zpap-okreg-torunski\"><div class=\"wp-block-embed__wrapper\">\n<blockquote class=\"wp-embedded-content\" data-secret=\"RFN7CRLq5Q\"><a href=\"https:\/\/zpaptorun.pl\/index.php\/2020\/10\/09\/wernisaz-wystawy-pokonkursowej-pn-konstelacje-poza-horyzont\/\">Wernisa\u017c wystawy pokonkursowej pn. Konstelacje &#8211; Poza Horyzont<\/a><\/blockquote><iframe class=\"wp-embedded-content\" sandbox=\"allow-scripts\" security=\"restricted\" style=\"position: absolute; clip: rect(1px, 1px, 1px, 1px);\" title=\"&#8222;Wernisa\u017c wystawy pokonkursowej pn. Konstelacje &#8211; Poza Horyzont&#8221; &#8212; ZPAP Okr\u0119g Toru\u0144ski\" src=\"https:\/\/zpaptorun.pl\/index.php\/2020\/10\/09\/wernisaz-wystawy-pokonkursowej-pn-konstelacje-poza-horyzont\/embed\/#?secret=RFN7CRLq5Q\" data-secret=\"RFN7CRLq5Q\" width=\"600\" height=\"338\" frameborder=\"0\" marginwidth=\"0\" marginheight=\"0\" scrolling=\"no\"><\/iframe>\n<\/div><\/figure>\n\n\n\n<figure class=\"wp-block-embed-wordpress wp-block-embed is-type-wp-embed is-provider-zpap-okreg-torunski\"><div class=\"wp-block-embed__wrapper\">\n<blockquote class=\"wp-embedded-content\" data-secret=\"i2ZY5gNoVm\"><a href=\"https:\/\/zpaptorun.pl\/index.php\/2020\/10\/23\/konstelacje-poza-horyzont-czesc-performatywna\/\">Konstelacje &#8211; Poza Horyzont. Cz\u0119\u015b\u0107 Performatywna<\/a><\/blockquote><iframe class=\"wp-embedded-content\" sandbox=\"allow-scripts\" security=\"restricted\" style=\"position: absolute; clip: rect(1px, 1px, 1px, 1px);\" title=\"&#8222;Konstelacje &#8211; Poza Horyzont. Cz\u0119\u015b\u0107 Performatywna&#8221; &#8212; ZPAP Okr\u0119g Toru\u0144ski\" src=\"https:\/\/zpaptorun.pl\/index.php\/2020\/10\/23\/konstelacje-poza-horyzont-czesc-performatywna\/embed\/#?secret=i2ZY5gNoVm\" data-secret=\"i2ZY5gNoVm\" width=\"600\" height=\"338\" frameborder=\"0\" marginwidth=\"0\" marginheight=\"0\" scrolling=\"no\"><\/iframe>\n<\/div><\/figure>\n\n\n\n<hr class=\"wp-block-separator\"\/>\n\n\n\n<figure class=\"wp-block-image\"><img decoding=\"async\" loading=\"lazy\" width=\"602\" height=\"848\" src=\"https:\/\/zpaptorun.pl\/wp-content\/uploads\/2020\/10\/zapro-konstela-02.jpg\" alt=\"\" class=\"wp-image-8751\" srcset=\"https:\/\/zpaptorun.pl\/wp-content\/uploads\/2020\/10\/zapro-konstela-02.jpg 602w, https:\/\/zpaptorun.pl\/wp-content\/uploads\/2020\/10\/zapro-konstela-02-213x300.jpg 213w, https:\/\/zpaptorun.pl\/wp-content\/uploads\/2020\/10\/zapro-konstela-02-277x390.jpg 277w\" sizes=\"(max-width: 602px) 100vw, 602px\" \/><\/figure>\n\n\n\n<p>Zwi\u0105zek Polskich Artyst\u00f3w Plastyk\u00f3w Okr\u0119gu Toru\u0144skiego og\u0142asza konkurs pn. Konstelacje &#8211; Poza Horyzont.<br><br>Konkurs ma status festiwalu i jest podzielony na dwie cz\u0119\u015bci. Pierwsza z nich skierowana jest dla os\u00f3b zajmuj\u0105cych si\u0119 szeroko rozumian\u0105 tw\u00f3rczo\u015bci\u0105 artystyczn\u0105, uwzgl\u0119dniaj\u0105c wszystkie wsp\u00f3\u0142czesne mo\u017cliwo\u015bci kreacji w tej dyscyplinie. W przypadku propozycji instalacyjnych, z uwagi na ograniczone mo\u017cliwo\u015bci przestrzenne, brane b\u0119d\u0105 pod uwag\u0119 koncepcje z opisem, z kt\u00f3rych najwy\u017cej ocenione uzyskaj\u0105 zaproszenie do realizacji w Galeriach ZPAP w odr\u0119bnych terminach. &nbsp;Druga cz\u0119\u015b\u0107 Konkursu si\u0119 odnosi si\u0119 do realizacji performance. W tej cz\u0119\u015bci zostan\u0105 wybrane najciekawsze realizacje, a ich autorzy zostan\u0105 zaproszeni do udzia\u0142u w corocznym Festiwalu Performance Ko\u0142o Czasu. <\/p>\n\n\n\n<p class=\"has-text-color has-background has-regular-font-size has-sitebg-color has-accent-2-background-color\"><strong>Zmiana daty wernisa\u017cu &#8211;  8.10.2020<\/strong><br>Wystawa czynna 8.10 &#8211; 22.11.2020 <\/p>\n\n\n\n<p><\/p>\n\n\n\n<p><\/p>\n\n\n\n<figure class=\"wp-block-embed-wordpress wp-block-embed is-type-wp-embed is-provider-zpap-okreg-torunski\"><div class=\"wp-block-embed__wrapper\">\n<blockquote class=\"wp-embedded-content\" data-secret=\"lY2UuiGv0s\"><a href=\"https:\/\/zpaptorun.pl\/index.php\/2020\/09\/28\/zaproszenie-na-wernisaz-wystawy-pt-konstelacje-poza-horyzont\/\">Zaproszenie na wernisa\u017c wystawy pt. &#8220;Konstelacje &#8211; Poza horyzont&#8221;.<\/a><\/blockquote><iframe class=\"wp-embedded-content\" sandbox=\"allow-scripts\" security=\"restricted\" style=\"position: absolute; clip: rect(1px, 1px, 1px, 1px);\" title=\"&#8222;Zaproszenie na wernisa\u017c wystawy pt. &#8220;Konstelacje &#8211; Poza horyzont&#8221;.&#8221; &#8212; ZPAP Okr\u0119g Toru\u0144ski\" src=\"https:\/\/zpaptorun.pl\/index.php\/2020\/09\/28\/zaproszenie-na-wernisaz-wystawy-pt-konstelacje-poza-horyzont\/embed\/#?secret=lY2UuiGv0s\" data-secret=\"lY2UuiGv0s\" width=\"600\" height=\"338\" frameborder=\"0\" marginwidth=\"0\" marginheight=\"0\" scrolling=\"no\"><\/iframe>\n<\/div><\/figure>\n\n\n\n<p style=\"font-size:17px\">Zg\u0142oszenia na adres: <strong>konstelacje.torun@gmail.com<\/strong><\/p>\n\n\n\n<div class=\"wp-block-file\"><a href=\"https:\/\/zpaptorun.pl\/wp-content\/uploads\/2020\/07\/Karta-zg\u0142oszenia-Konstelacje-2020.doc\">Karta-zg\u0142oszenia-Konstelacje-2020<\/a><a href=\"https:\/\/zpaptorun.pl\/wp-content\/uploads\/2020\/07\/Karta-zg\u0142oszenia-Konstelacje-2020.doc\" class=\"wp-block-file__button\" download>Pobierz<\/a><\/div>\n\n\n\n<figure class=\"wp-block-embed-wordpress wp-block-embed is-type-wp-embed is-provider-zpap-okreg-torunski\"><div class=\"wp-block-embed__wrapper\">\n<blockquote class=\"wp-embedded-content\" data-secret=\"oDc9GhT7ep\"><a href=\"https:\/\/zpaptorun.pl\/index.php\/2020\/07\/13\/regulamin-konkursu-pn-konstelacje-poza-horyzont\/\">Regulamin Konkursu pn. Konstelacje &#8211; Poza Horyzont<\/a><\/blockquote><iframe class=\"wp-embedded-content\" sandbox=\"allow-scripts\" security=\"restricted\" style=\"position: absolute; clip: rect(1px, 1px, 1px, 1px);\" title=\"&#8222;Regulamin Konkursu pn. Konstelacje &#8211; Poza Horyzont&#8221; &#8212; ZPAP Okr\u0119g Toru\u0144ski\" src=\"https:\/\/zpaptorun.pl\/index.php\/2020\/07\/13\/regulamin-konkursu-pn-konstelacje-poza-horyzont\/embed\/#?secret=oDc9GhT7ep\" data-secret=\"oDc9GhT7ep\" width=\"600\" height=\"338\" frameborder=\"0\" marginwidth=\"0\" marginheight=\"0\" scrolling=\"no\"><\/iframe>\n<\/div><\/figure>\n\n\n<p><!--StartFragment--><\/p>\n\n\n<p class=\"has-text-color has-background has-sitebg-color has-accent-2-background-color\">Wystawa czynna: <strong>8.10-22.11.2020<\/strong><br>Wernisa\u017c: 8.10.2020, godzina 18:00<br>Galeria ZPAP, ul. Ducha \u015aw.8\/ Toru\u0144<\/p>\n\n\n\n<p> Dofinansowano ze \u015brodk\u00f3w Marsza\u0142ka Wojew\u00f3dztwa Kujawsko-Pomorskiego oraz ze \u015brodk\u00f3w Gminy Miasta Toru\u0144 <\/p>\n\n\n\n<figure class=\"wp-block-image is-resized\"><img decoding=\"async\" loading=\"lazy\" src=\"https:\/\/zpaptorun.pl\/wp-content\/uploads\/2020\/05\/Herb_Torunia_pion_K-1582x2000.jpg\" alt=\"\" class=\"wp-image-8302\" width=\"216\" height=\"272\" srcset=\"https:\/\/zpaptorun.pl\/wp-content\/uploads\/2020\/05\/Herb_Torunia_pion_K-1582x2000.jpg 1582w, https:\/\/zpaptorun.pl\/wp-content\/uploads\/2020\/05\/Herb_Torunia_pion_K-237x300.jpg 237w, https:\/\/zpaptorun.pl\/wp-content\/uploads\/2020\/05\/Herb_Torunia_pion_K-768x971.jpg 768w, https:\/\/zpaptorun.pl\/wp-content\/uploads\/2020\/05\/Herb_Torunia_pion_K-309x390.jpg 309w, https:\/\/zpaptorun.pl\/wp-content\/uploads\/2020\/05\/Herb_Torunia_pion_K-1320x1668.jpg 1320w, https:\/\/zpaptorun.pl\/wp-content\/uploads\/2020\/05\/Herb_Torunia_pion_K.jpg 1701w\" sizes=\"(max-width: 216px) 100vw, 216px\" \/><\/figure>\n\n\n\n<figure class=\"wp-block-image\"><img decoding=\"async\" loading=\"lazy\" width=\"2000\" height=\"515\" src=\"https:\/\/zpaptorun.pl\/wp-content\/uploads\/2020\/09\/belka-dofinansowanie-marsza\u0142ek-podpis-pod-spodem-2000x515.jpg\" alt=\"\" class=\"wp-image-8744\" srcset=\"https:\/\/zpaptorun.pl\/wp-content\/uploads\/2020\/09\/belka-dofinansowanie-marsza\u0142ek-podpis-pod-spodem-2000x515.jpg 2000w, https:\/\/zpaptorun.pl\/wp-content\/uploads\/2020\/09\/belka-dofinansowanie-marsza\u0142ek-podpis-pod-spodem-300x77.jpg 300w, https:\/\/zpaptorun.pl\/wp-content\/uploads\/2020\/09\/belka-dofinansowanie-marsza\u0142ek-podpis-pod-spodem-768x198.jpg 768w, https:\/\/zpaptorun.pl\/wp-content\/uploads\/2020\/09\/belka-dofinansowanie-marsza\u0142ek-podpis-pod-spodem-974x251.jpg 974w, https:\/\/zpaptorun.pl\/wp-content\/uploads\/2020\/09\/belka-dofinansowanie-marsza\u0142ek-podpis-pod-spodem-1320x340.jpg 1320w\" sizes=\"(max-width: 2000px) 100vw, 2000px\" \/><\/figure>\n\n\n\n<p><\/p>\n\n\n\n<p>Nab\u00f3r trwa do 11 wrze\u015bnia 2020 roku<\/p>\n\n\n\n<figure class=\"wp-block-embed-wordpress wp-block-embed is-type-wp-embed is-provider-zpap-okreg-torunski\"><div class=\"wp-block-embed__wrapper\">\n<blockquote class=\"wp-embedded-content\" data-secret=\"S0sHxPMSRl\"><a href=\"https:\/\/zpaptorun.pl\/index.php\/2020\/09\/15\/konstelacje-komunikat-2\/\">Konstelacje &#8211; komunikat<\/a><\/blockquote><iframe class=\"wp-embedded-content\" sandbox=\"allow-scripts\" security=\"restricted\" style=\"position: absolute; clip: rect(1px, 1px, 1px, 1px);\" title=\"&#8222;Konstelacje &#8211; komunikat&#8221; &#8212; ZPAP Okr\u0119g Toru\u0144ski\" src=\"https:\/\/zpaptorun.pl\/index.php\/2020\/09\/15\/konstelacje-komunikat-2\/embed\/#?secret=S0sHxPMSRl\" data-secret=\"S0sHxPMSRl\" width=\"600\" height=\"338\" frameborder=\"0\" marginwidth=\"0\" marginheight=\"0\" scrolling=\"no\"><\/iframe>\n<\/div><\/figure>\n\n\n\n<figure class=\"wp-block-image\"><img decoding=\"async\" loading=\"lazy\" width=\"1403\" height=\"2000\" src=\"https:\/\/zpaptorun.pl\/wp-content\/uploads\/2020\/10\/Poster-100x0-orgin_Obszar-roboczy-1-1403x2000.jpg\" alt=\"\" class=\"wp-image-8757\" srcset=\"https:\/\/zpaptorun.pl\/wp-content\/uploads\/2020\/10\/Poster-100x0-orgin_Obszar-roboczy-1-1403x2000.jpg 1403w, https:\/\/zpaptorun.pl\/wp-content\/uploads\/2020\/10\/Poster-100x0-orgin_Obszar-roboczy-1-211x300.jpg 211w, https:\/\/zpaptorun.pl\/wp-content\/uploads\/2020\/10\/Poster-100x0-orgin_Obszar-roboczy-1-768x1094.jpg 768w, https:\/\/zpaptorun.pl\/wp-content\/uploads\/2020\/10\/Poster-100x0-orgin_Obszar-roboczy-1-274x390.jpg 274w, https:\/\/zpaptorun.pl\/wp-content\/uploads\/2020\/10\/Poster-100x0-orgin_Obszar-roboczy-1-1320x1881.jpg 1320w, https:\/\/zpaptorun.pl\/wp-content\/uploads\/2020\/10\/Poster-100x0-orgin_Obszar-roboczy-1.jpg 2002w\" sizes=\"(max-width: 1403px) 100vw, 1403px\" \/><\/figure>\n\n\n\n<figure class=\"wp-block-image\"><img decoding=\"async\" loading=\"lazy\" width=\"1400\" height=\"1400\" src=\"https:\/\/zpaptorun.pl\/wp-content\/uploads\/2020\/09\/Konstelacje_instagram.jpg\" alt=\"\" class=\"wp-image-8711\" srcset=\"https:\/\/zpaptorun.pl\/wp-content\/uploads\/2020\/09\/Konstelacje_instagram.jpg 1400w, https:\/\/zpaptorun.pl\/wp-content\/uploads\/2020\/09\/Konstelacje_instagram-150x150.jpg 150w, https:\/\/zpaptorun.pl\/wp-content\/uploads\/2020\/09\/Konstelacje_instagram-300x300.jpg 300w, https:\/\/zpaptorun.pl\/wp-content\/uploads\/2020\/09\/Konstelacje_instagram-768x768.jpg 768w, https:\/\/zpaptorun.pl\/wp-content\/uploads\/2020\/09\/Konstelacje_instagram-390x390.jpg 390w, https:\/\/zpaptorun.pl\/wp-content\/uploads\/2020\/09\/Konstelacje_instagram-1320x1320.jpg 1320w\" sizes=\"(max-width: 1400px) 100vw, 1400px\" \/><\/figure>\n","protected":false},"excerpt":{"rendered":"<p>KONKURS pn. &nbsp;KONSTELACJE \u2013 POZA HORYZONT Zwi\u0105zek Polskich Artyst\u00f3w Plastyk\u00f3w Okr\u0119gu Toru\u0144skiego og\u0142asza konkurs pn. Konstelacje &#8211; Poza Horyzont. Konkurs ma status festiwalu i jest podzielony na dwie cz\u0119\u015bci. Pierwsza z nich skierowana jest dla os\u00f3b zajmuj\u0105cych si\u0119 szeroko rozumian\u0105 tw\u00f3rczo\u015bci\u0105 artystyczn\u0105, uwzgl\u0119dniaj\u0105c wszystkie wsp\u00f3\u0142czesne mo\u017cliwo\u015bci kreacji w tej dyscyplinie. &hellip;<\/p>\n","protected":false},"author":1,"featured_media":8711,"parent":0,"menu_order":0,"comment_status":"closed","ping_status":"closed","template":"","meta":{"ngg_post_thumbnail":0},"_links":{"self":[{"href":"https:\/\/zpaptorun.pl\/index.php\/wp-json\/wp\/v2\/pages\/8569"}],"collection":[{"href":"https:\/\/zpaptorun.pl\/index.php\/wp-json\/wp\/v2\/pages"}],"about":[{"href":"https:\/\/zpaptorun.pl\/index.php\/wp-json\/wp\/v2\/types\/page"}],"author":[{"embeddable":true,"href":"https:\/\/zpaptorun.pl\/index.php\/wp-json\/wp\/v2\/users\/1"}],"replies":[{"embeddable":true,"href":"https:\/\/zpaptorun.pl\/index.php\/wp-json\/wp\/v2\/comments?post=8569"}],"version-history":[{"count":19,"href":"https:\/\/zpaptorun.pl\/index.php\/wp-json\/wp\/v2\/pages\/8569\/revisions"}],"predecessor-version":[{"id":8998,"href":"https:\/\/zpaptorun.pl\/index.php\/wp-json\/wp\/v2\/pages\/8569\/revisions\/8998"}],"wp:featuredmedia":[{"embeddable":true,"href":"https:\/\/zpaptorun.pl\/index.php\/wp-json\/wp\/v2\/media\/8711"}],"wp:attachment":[{"href":"https:\/\/zpaptorun.pl\/index.php\/wp-json\/wp\/v2\/media?parent=8569"}],"curies":[{"name":"wp","href":"https:\/\/api.w.org\/{rel}","templated":true}]}}