{"id":3198,"date":"2019-07-20T16:23:41","date_gmt":"2019-07-20T14:23:41","guid":{"rendered":"http:\/\/zpaptorun.pl\/?page_id=3198"},"modified":"2019-12-09T16:19:39","modified_gmt":"2019-12-09T15:19:39","slug":"konstelacje","status":"publish","type":"page","link":"https:\/\/zpaptorun.pl\/index.php\/konstelacje\/","title":{"rendered":"KONSTELACJE"},"content":{"rendered":"\n<h2><strong>KONKURS\npn. <\/strong><em><strong>KONSTELACJE\n\u2013 POZA HORYZONT<\/strong><\/em>\n<\/h2>\n\n\n\n<p>Konkurs  ma status festiwalu i zostanie podzielony na dwie cz\u0119\u015bci. Pierwsza z nich skierowana jest dla os\u00f3b zajmuj\u0105cych si\u0119 szeroko rozumian\u0105 tw\u00f3rczo\u015bci\u0105 malarsk\u0105, rze\u017abiarsk\u0105, graficzn\u0105 i intermedialn\u0105, uwzgl\u0119dniaj\u0105c\u0105 wszystkie wsp\u00f3\u0142czesne mo\u017cliwo\u015bci kreacji w tych dyscyplinach. Najlepsze prace zostan\u0105 zaprezentowane na wystawie. Dodatkowo Organizator przewiduje Nagrod\u0119 Specjaln\u0105 (przyznan\u0105 przez Jury) dla autora koncepcji instalacji jako odr\u0119bnej wystawy indywidualnej w przestrzeni Galerii ZPAP w 2020 roku (w dogodnym  dla Uczestnika i Organizatora terminie).        <\/p>\n\n\n\n<p>Druga cz\u0119\u015b\u0107 Konkursu odnosi\u0107 si\u0119 b\u0119dzie do realizacji performance, w ramach kt\u00f3rego wybranych zostanie pi\u0119\u0107 najciekawszych koncepcji, kt\u00f3re zostan\u0105 w\u0142\u0105czone do udzia\u0142u w corocznym Festiwalu Performance Ko\u0142o Czasu, obok uczestnik\u00f3w specjalnie zaproszonych. Jako koncepcje performance rozumie si\u0119 kr\u00f3tki scenariusz, kt\u00f3ry mo\u017ce by\u0107 zaopatrzony w szkice sytuacyjne). Konkurs pn. Konstelacje \u2013 Poza horyzont ma charakter og\u00f3lnopolski i adresowany jest do profesjonalnych tw\u00f3rc\u00f3w, absolwent\u00f3w i student\u00f3w wy\u017cszych uczelni artystycznych.  <\/p>\n\n\n\n<p>Celem Konkursu jest wy\u0142onienie najciekawszych dzie\u0142 odnosz\u0105cych si\u0119 do tematu przewodniego. Z uwagi na tradycje Kopernika\u0144skie zwi\u0105zane z Toruniem jednym z wa\u017cnych odniesie\u0144 mog\u0105 by\u0107 odniesienia do astronomii i kosmosu &#8211; poj\u0119te w szerokim  aspekcie. Ponadto, ka\u017cdy z uczestnik\u00f3w Konkursu odnosz\u0105cy si\u0119 do konstelacji uk\u0142ad\u00f3w form i innych warto\u015bci plastycznych, a tak\u017ce przekraczania horyzont\u00f3w w swoich propozycjach, spe\u0142ni oczekiwania zawarte w poni\u017cszym regulaminie. Uczestnicy przyje\u017cd\u017caj\u0105 na sw\u00f3j w\u0142asny koszt i pokrywaj\u0105 koszty zakwaterowania, wyj\u0105tkiem b\u0119dzie cz\u0119\u015b\u0107 performatywna, odnosz\u0105ca si\u0119 do tw\u00f3rc\u00f3w zaproszonych przez Organizatora.<\/p>\n\n\n\n<p>Dofinansowane ze \u015brodk\u00f3w Gminy Miasta Torunia.<\/p>\n\n\n\n<p> <\/p>\n\n\n\n<p style=\"text-align:right\">Kuratorzy wystawy: Marian St\u0119pak, Katarzyna Rumi\u0144ska<\/p>\n\n\n\n<p style=\"text-align:right\">ZPAP Okr\u0119g Toru\u0144ski, 2019.<\/p>\n\n\n\n<hr class=\"wp-block-separator\"\/>\n\n\n\n<p>Jury konkursu pn. Konstelacje &#8211; Poza Horyzont<br><br>1. Dr hab. Magdalena Gryska, Zielona G\u00f3ra; <br>2. Dr Wojciech Kowalczyk, Bydgoszcz;          <br>3. Dr Katarzyna Rumi\u0144ska &#8211; kurator Konkursu;<br>4. Prof. Marian St\u0119pak &#8211; kurator Konkursu<\/p>\n\n\n\n<figure class=\"wp-block-image\"><img decoding=\"async\" loading=\"lazy\" width=\"2000\" height=\"2000\" src=\"https:\/\/zpaptorun.pl\/wp-content\/uploads\/2019\/12\/zpap_katalog_konstelacje4-2000x2000.jpg\" alt=\"\" class=\"wp-image-7639\" srcset=\"https:\/\/zpaptorun.pl\/wp-content\/uploads\/2019\/12\/zpap_katalog_konstelacje4-2000x2000.jpg 2000w, https:\/\/zpaptorun.pl\/wp-content\/uploads\/2019\/12\/zpap_katalog_konstelacje4-150x150.jpg 150w, https:\/\/zpaptorun.pl\/wp-content\/uploads\/2019\/12\/zpap_katalog_konstelacje4-300x300.jpg 300w, https:\/\/zpaptorun.pl\/wp-content\/uploads\/2019\/12\/zpap_katalog_konstelacje4-768x768.jpg 768w, https:\/\/zpaptorun.pl\/wp-content\/uploads\/2019\/12\/zpap_katalog_konstelacje4-390x390.jpg 390w, https:\/\/zpaptorun.pl\/wp-content\/uploads\/2019\/12\/zpap_katalog_konstelacje4-1320x1320.jpg 1320w\" sizes=\"(max-width: 2000px) 100vw, 2000px\" \/><\/figure>\n\n\n\n<hr class=\"wp-block-separator\"\/>\n\n\n\n<p style=\"font-size:19px\">Regulamin konkursu:<br><\/p>\n\n\n\n<div class=\"wp-block-file\"><a href=\"https:\/\/zpaptorun.pl\/wp-content\/uploads\/2019\/07\/KONKURS-KONSTELACJE-regulamin01-1.pdf\">KONKURS-KONSTELACJE-regulamin01-1<\/a><a href=\"https:\/\/zpaptorun.pl\/wp-content\/uploads\/2019\/07\/KONKURS-KONSTELACJE-regulamin01-1.pdf\" class=\"wp-block-file__button\" download>Pobierz<\/a><\/div>\n\n\n\n<hr class=\"wp-block-separator\"\/>\n\n\n\n<p style=\"font-size:19px\">Karta zg\u0142oszeniowa<\/p>\n\n\n\n<div class=\"wp-block-file\"><a href=\"https:\/\/zpaptorun.pl\/wp-content\/uploads\/2019\/07\/Karta-zg\u0142oszenia-Konstelacje.doc\">Karta zg\u0142oszenia &#8211; Konstelacje.doc<\/a><a href=\"https:\/\/zpaptorun.pl\/wp-content\/uploads\/2019\/07\/Karta-zg\u0142oszenia-Konstelacje.doc\" class=\"wp-block-file__button\" download>Pobierz<\/a><\/div>\n\n\n\n<div class=\"wp-block-file\"><a href=\"https:\/\/zpaptorun.pl\/wp-content\/uploads\/2019\/07\/Karta-zg\u0142oszenia-Konstelacje.pdf\">Karta zg\u0142oszenia &#8211; Konstelacje.pdf<\/a><a href=\"https:\/\/zpaptorun.pl\/wp-content\/uploads\/2019\/07\/Karta-zg\u0142oszenia-Konstelacje.pdf\" class=\"wp-block-file__button\" download>Pobierz<\/a><\/div>\n\n\n\n<figure class=\"wp-block-image\"><img decoding=\"async\" loading=\"lazy\" width=\"718\" height=\"1024\" src=\"https:\/\/zpaptorun.pl\/wp-content\/uploads\/2019\/10\/plakat_small-1-718x1024.png\" alt=\"\" class=\"wp-image-6999\" srcset=\"https:\/\/zpaptorun.pl\/wp-content\/uploads\/2019\/10\/plakat_small-1-718x1024.png 718w, https:\/\/zpaptorun.pl\/wp-content\/uploads\/2019\/10\/plakat_small-1-210x300.png 210w, https:\/\/zpaptorun.pl\/wp-content\/uploads\/2019\/10\/plakat_small-1-768x1095.png 768w, https:\/\/zpaptorun.pl\/wp-content\/uploads\/2019\/10\/plakat_small-1-273x390.png 273w, https:\/\/zpaptorun.pl\/wp-content\/uploads\/2019\/10\/plakat_small-1.png 1575w\" sizes=\"(max-width: 718px) 100vw, 718px\" \/><\/figure>\n\n\n\n<figure class=\"wp-block-image\"><img decoding=\"async\" loading=\"lazy\" width=\"1024\" height=\"734\" src=\"https:\/\/zpaptorun.pl\/wp-content\/uploads\/2019\/10\/konstelacje-zaproszenie-a6_Obszar-roboczy-1-1024x734.png\" alt=\"\" class=\"wp-image-7001\" srcset=\"https:\/\/zpaptorun.pl\/wp-content\/uploads\/2019\/10\/konstelacje-zaproszenie-a6_Obszar-roboczy-1-1024x734.png 1024w, https:\/\/zpaptorun.pl\/wp-content\/uploads\/2019\/10\/konstelacje-zaproszenie-a6_Obszar-roboczy-1-300x215.png 300w, https:\/\/zpaptorun.pl\/wp-content\/uploads\/2019\/10\/konstelacje-zaproszenie-a6_Obszar-roboczy-1-768x551.png 768w, https:\/\/zpaptorun.pl\/wp-content\/uploads\/2019\/10\/konstelacje-zaproszenie-a6_Obszar-roboczy-1-544x390.png 544w, https:\/\/zpaptorun.pl\/wp-content\/uploads\/2019\/10\/konstelacje-zaproszenie-a6_Obszar-roboczy-1.png 1796w\" sizes=\"(max-width: 1024px) 100vw, 1024px\" \/><\/figure>\n\n\n\n<figure class=\"wp-block-image is-resized\"><img decoding=\"async\" loading=\"lazy\" src=\"https:\/\/zpaptorun.pl\/wp-content\/uploads\/2019\/10\/Herb_Torunia_pion_K-810x1024.jpg\" alt=\"\" class=\"wp-image-7000\" width=\"163\" height=\"207\" srcset=\"https:\/\/zpaptorun.pl\/wp-content\/uploads\/2019\/10\/Herb_Torunia_pion_K-810x1024.jpg 810w, https:\/\/zpaptorun.pl\/wp-content\/uploads\/2019\/10\/Herb_Torunia_pion_K-237x300.jpg 237w, https:\/\/zpaptorun.pl\/wp-content\/uploads\/2019\/10\/Herb_Torunia_pion_K-768x971.jpg 768w, https:\/\/zpaptorun.pl\/wp-content\/uploads\/2019\/10\/Herb_Torunia_pion_K-309x390.jpg 309w, https:\/\/zpaptorun.pl\/wp-content\/uploads\/2019\/10\/Herb_Torunia_pion_K.jpg 1701w\" sizes=\"(max-width: 163px) 100vw, 163px\" \/><\/figure>\n\n\n\n<hr class=\"wp-block-separator\"\/>\n\n\n\n<hr class=\"wp-block-separator\"\/>\n\n\n\n<p>W Konkursie pt. Konstelacje &#8211; Poza Horyzont (2019) jury przyzna\u0142o:<br>Nagrod\u0119 g\u0142\u00f3wn\u0105 otrzyma\u0142 Andrzej Piotrowicz.<br>Dwie r\u00f3wnorz\u0119dne drugie Nagrody: Jadwiga Mitko i Micha\u0142 Nowak<br>Cztery Wyr\u00f3\u017cnienia Honorowe: Waldemar Rudyk, Marta  Rosenthal,  Kamil Emmanuel Klonowski oraz Pawe\u0142 \u0141yjak.<br>Wyr\u00f3\u017cnienie Specjalne \u2013 Wies\u0142aw Smu\u017cny <\/p>\n\n\n\n<figure class=\"wp-block-embed-wordpress wp-block-embed is-type-wp-embed is-provider-zpap-okreg-torunski\"><div class=\"wp-block-embed__wrapper\">\n<blockquote class=\"wp-embedded-content\" data-secret=\"rwa0W0BYla\"><a href=\"https:\/\/zpaptorun.pl\/index.php\/2019\/10\/14\/konstelacje-poza-horyzont-wernisaz-wystawy-i-wyniki-konkursu\/\">Konstelacje &#8211; Poza Horyzont. Wernisa\u017c wystawy i wyniki konkursu.<\/a><\/blockquote><iframe title=\"&#8222;Konstelacje &#8211; Poza Horyzont. Wernisa\u017c wystawy i wyniki konkursu.&#8221; &#8212; ZPAP Okr\u0119g Toru\u0144ski\" class=\"wp-embedded-content\" sandbox=\"allow-scripts\" security=\"restricted\" style=\"position: absolute; clip: rect(1px, 1px, 1px, 1px);\" src=\"https:\/\/zpaptorun.pl\/index.php\/2019\/10\/14\/konstelacje-poza-horyzont-wernisaz-wystawy-i-wyniki-konkursu\/embed\/#?secret=rwa0W0BYla\" data-secret=\"rwa0W0BYla\" width=\"600\" height=\"338\" frameborder=\"0\" marginwidth=\"0\" marginheight=\"0\" scrolling=\"no\"><\/iframe>\n<\/div><\/figure>\n\n\n\n<figure class=\"wp-block-embed-wordpress wp-block-embed is-type-wp-embed is-provider-zpap-okreg-torunski\"><div class=\"wp-block-embed__wrapper\">\n<blockquote class=\"wp-embedded-content\" data-secret=\"2YihBrP8J0\"><a href=\"https:\/\/zpaptorun.pl\/index.php\/2019\/12\/09\/xiii-festiwal-performance-kolo-czasu\/\">XIII Festiwal Performance Ko\u0142o Czasu<\/a><\/blockquote><iframe title=\"&#8222;XIII Festiwal Performance Ko\u0142o Czasu&#8221; &#8212; ZPAP Okr\u0119g Toru\u0144ski\" class=\"wp-embedded-content\" sandbox=\"allow-scripts\" security=\"restricted\" style=\"position: absolute; clip: rect(1px, 1px, 1px, 1px);\" src=\"https:\/\/zpaptorun.pl\/index.php\/2019\/12\/09\/xiii-festiwal-performance-kolo-czasu\/embed\/#?secret=2YihBrP8J0\" data-secret=\"2YihBrP8J0\" width=\"600\" height=\"338\" frameborder=\"0\" marginwidth=\"0\" marginheight=\"0\" scrolling=\"no\"><\/iframe>\n<\/div><\/figure>\n","protected":false},"excerpt":{"rendered":"<p>KONKURS pn. KONSTELACJE \u2013 POZA HORYZONT Konkurs ma status festiwalu i zostanie podzielony na dwie cz\u0119\u015bci. Pierwsza z nich skierowana jest dla os\u00f3b zajmuj\u0105cych si\u0119 szeroko rozumian\u0105 tw\u00f3rczo\u015bci\u0105 malarsk\u0105, rze\u017abiarsk\u0105, graficzn\u0105 i intermedialn\u0105, uwzgl\u0119dniaj\u0105c\u0105 wszystkie wsp\u00f3\u0142czesne mo\u017cliwo\u015bci kreacji w tych dyscyplinach. Najlepsze prace zostan\u0105 zaprezentowane na wystawie. Dodatkowo Organizator przewiduje &hellip;<\/p>\n","protected":false},"author":1,"featured_media":6999,"parent":0,"menu_order":0,"comment_status":"closed","ping_status":"closed","template":"","meta":{"ngg_post_thumbnail":0},"_links":{"self":[{"href":"https:\/\/zpaptorun.pl\/index.php\/wp-json\/wp\/v2\/pages\/3198"}],"collection":[{"href":"https:\/\/zpaptorun.pl\/index.php\/wp-json\/wp\/v2\/pages"}],"about":[{"href":"https:\/\/zpaptorun.pl\/index.php\/wp-json\/wp\/v2\/types\/page"}],"author":[{"embeddable":true,"href":"https:\/\/zpaptorun.pl\/index.php\/wp-json\/wp\/v2\/users\/1"}],"replies":[{"embeddable":true,"href":"https:\/\/zpaptorun.pl\/index.php\/wp-json\/wp\/v2\/comments?post=3198"}],"version-history":[{"count":19,"href":"https:\/\/zpaptorun.pl\/index.php\/wp-json\/wp\/v2\/pages\/3198\/revisions"}],"predecessor-version":[{"id":7646,"href":"https:\/\/zpaptorun.pl\/index.php\/wp-json\/wp\/v2\/pages\/3198\/revisions\/7646"}],"wp:featuredmedia":[{"embeddable":true,"href":"https:\/\/zpaptorun.pl\/index.php\/wp-json\/wp\/v2\/media\/6999"}],"wp:attachment":[{"href":"https:\/\/zpaptorun.pl\/index.php\/wp-json\/wp\/v2\/media?parent=3198"}],"curies":[{"name":"wp","href":"https:\/\/api.w.org\/{rel}","templated":true}]}}